{"id":80,"date":"2020-03-31T21:19:25","date_gmt":"2020-03-31T19:19:25","guid":{"rendered":"https:\/\/www.ament-it.de\/~kigafahr\/wordpress\/?page_id=80"},"modified":"2021-07-05T11:48:40","modified_gmt":"2021-07-05T09:48:40","slug":"projektarbeit","status":"publish","type":"page","link":"https:\/\/kindergarten-fahr.de\/index.php\/projektarbeit\/","title":{"rendered":"Projektarbeit"},"content":{"rendered":"\n<p class=\"has-dark-gray-color has-text-color\">Die Projektarbeit ist unser p\u00e4dagogischer Handlungsansatz und beinhaltet geplante, gemeinsame Lernangebote zu einer bestimmten Thematik \u00fcber einen l\u00e4ngeren Zeitraum.<\/p>\n\n\n\n<p>Ganz allgemein definiert sich Projektarbeit als das selbst\u00e4ndige Bearbeiten eines Themas durch eine Gruppe- angefangen von der Situationsanalyse zur Planung \u00fcber die Durchf\u00fchrung bis hin zur Pr\u00e4sentation der Ergebnisse. \u00dcbertragen auf den Kindergarten bedeutet Projektarbeit, dass Kinder im gemeinsamen Prozess mit anderen Fragen entwickeln, L\u00f6sungswege suchen und neue Erkenntnisse gewinnen.<\/p>\n\n\n\n<p><strong>Projektarbeit hei\u00dft f\u00fcr uns<\/strong>:<\/p>\n\n\n\n<ul class=\"wp-block-list\"><li>Beobachtung der Kinder durch den Erzieher, um Interessen der Kinder aufzugreifen                  <\/li><li>kindorientiertes Arbeiten (\u00fcberschaubar, altersgem\u00e4\u00df und ganzheitlich)                      <\/li><li>Kinder bestimmen den Weg mit                                                                                                        <\/li><li>kreative Methoden, um L\u00f6sungen zu finden<\/li><li>gemeinsames Handeln zu neuen Erkenntnissen<\/li><li>Dokumentation f\u00fcr Eltern und \u00d6ffentlichkeit<\/li><\/ul>\n\n\n\n<p><\/p>\n\n\n\n<p class=\"has-text-color\" style=\"color:#00a332\"><strong>Sage es mir, und ich vergesse es. Zeige es mir, und ich erinnere mich. Lass es mich tun, und ich behalte es.  <\/strong><\/p>\n\n\n\n<p><\/p>\n","protected":false},"excerpt":{"rendered":"<p>Die Projektarbeit ist unser p\u00e4dagogischer Handlungsansatz und beinhaltet geplante, gemeinsame Lernangebote zu einer bestimmten Thematik \u00fcber einen l\u00e4ngeren Zeitraum. Ganz allgemein definiert sich Projektarbeit als das selbst\u00e4ndige Bearbeiten eines Themas durch eine Gruppe- angefangen von der Situationsanalyse zur Planung \u00fcber die Durchf\u00fchrung bis hin zur Pr\u00e4sentation der Ergebnisse. \u00dcbertragen auf [&hellip;]<\/p>\n","protected":false},"author":2,"featured_media":0,"parent":0,"menu_order":0,"comment_status":"closed","ping_status":"closed","template":"","meta":{"footnotes":""},"class_list":["post-80","page","type-page","status-publish","hentry"],"_links":{"self":[{"href":"https:\/\/kindergarten-fahr.de\/index.php\/wp-json\/wp\/v2\/pages\/80","targetHints":{"allow":["GET"]}}],"collection":[{"href":"https:\/\/kindergarten-fahr.de\/index.php\/wp-json\/wp\/v2\/pages"}],"about":[{"href":"https:\/\/kindergarten-fahr.de\/index.php\/wp-json\/wp\/v2\/types\/page"}],"author":[{"embeddable":true,"href":"https:\/\/kindergarten-fahr.de\/index.php\/wp-json\/wp\/v2\/users\/2"}],"replies":[{"embeddable":true,"href":"https:\/\/kindergarten-fahr.de\/index.php\/wp-json\/wp\/v2\/comments?post=80"}],"version-history":[{"count":5,"href":"https:\/\/kindergarten-fahr.de\/index.php\/wp-json\/wp\/v2\/pages\/80\/revisions"}],"predecessor-version":[{"id":340,"href":"https:\/\/kindergarten-fahr.de\/index.php\/wp-json\/wp\/v2\/pages\/80\/revisions\/340"}],"wp:attachment":[{"href":"https:\/\/kindergarten-fahr.de\/index.php\/wp-json\/wp\/v2\/media?parent=80"}],"curies":[{"name":"wp","href":"https:\/\/api.w.org\/{rel}","templated":true}]}}