{"id":66,"date":"2020-03-31T21:13:31","date_gmt":"2020-03-31T19:13:31","guid":{"rendered":"https:\/\/www.ament-it.de\/~kigafahr\/wordpress\/?page_id=66"},"modified":"2026-03-12T10:12:28","modified_gmt":"2026-03-12T09:12:28","slug":"team","status":"publish","type":"page","link":"https:\/\/kindergarten-fahr.de\/index.php\/team\/","title":{"rendered":"Team"},"content":{"rendered":"\n<p>Das sind wir&#8230;..<\/p>\n\n\n\n<div class=\"wp-block-columns is-layout-flex wp-container-core-columns-is-layout-9d6595d7 wp-block-columns-is-layout-flex\">\n<div class=\"wp-block-column is-layout-flow wp-block-column-is-layout-flow\">\n<div class=\"wp-block-columns is-layout-flex wp-container-core-columns-is-layout-9d6595d7 wp-block-columns-is-layout-flex\">\n<div class=\"wp-block-column is-layout-flow wp-block-column-is-layout-flow\"><\/div>\n<\/div>\n<\/div>\n<\/div>\n\n\n\n<div class=\"wp-block-media-text alignwide is-stacked-on-mobile\" style=\"grid-template-columns:22% auto\"><figure class=\"wp-block-media-text__media\"><img loading=\"lazy\" decoding=\"async\" width=\"660\" height=\"440\" src=\"https:\/\/kindergarten-fahr.de\/wp-content\/uploads\/2025\/09\/DSC_1073_1.jpg\" alt=\"\" class=\"wp-image-1046 size-full\" srcset=\"https:\/\/kindergarten-fahr.de\/wp-content\/uploads\/2025\/09\/DSC_1073_1.jpg 660w, https:\/\/kindergarten-fahr.de\/wp-content\/uploads\/2025\/09\/DSC_1073_1-300x200.jpg 300w\" sizes=\"auto, (max-width: 660px) 100vw, 660px\" \/><\/figure><div class=\"wp-block-media-text__content\">\n<p><strong>Michaela Sahlm\u00fcller<\/strong><\/p>\n\n\n\n<p>Kindergartenleitung<\/p>\n\n\n\n<p>Erzieherin \/ Sozialfachwirtin<\/p>\n<\/div><\/div>\n\n\n\n<div class=\"wp-block-media-text alignwide is-stacked-on-mobile\" style=\"grid-template-columns:15% auto\"><figure class=\"wp-block-media-text__media\"><img loading=\"lazy\" decoding=\"async\" width=\"683\" height=\"1024\" src=\"https:\/\/www.kindergarten-fahr.de\/wp-content\/uploads\/2025\/01\/IMG_7792-683x1024.jpg\" alt=\"\" class=\"wp-image-887 size-full\" srcset=\"https:\/\/kindergarten-fahr.de\/wp-content\/uploads\/2025\/01\/IMG_7792-683x1024.jpg 683w, https:\/\/kindergarten-fahr.de\/wp-content\/uploads\/2025\/01\/IMG_7792-200x300.jpg 200w, https:\/\/kindergarten-fahr.de\/wp-content\/uploads\/2025\/01\/IMG_7792-768x1152.jpg 768w, https:\/\/kindergarten-fahr.de\/wp-content\/uploads\/2025\/01\/IMG_7792-1024x1536.jpg 1024w, https:\/\/kindergarten-fahr.de\/wp-content\/uploads\/2025\/01\/IMG_7792-1365x2048.jpg 1365w, https:\/\/kindergarten-fahr.de\/wp-content\/uploads\/2025\/01\/IMG_7792-scaled.jpg 1707w\" sizes=\"auto, (max-width: 683px) 100vw, 683px\" \/><\/figure><div class=\"wp-block-media-text__content\">\n<p><strong>Alisa Komander<\/strong><\/p>\n\n\n\n<p>Erzieherin<\/p>\n<\/div><\/div>\n\n\n\n<div class=\"wp-block-group\"><div class=\"wp-block-group__inner-container is-layout-constrained wp-block-group-is-layout-constrained\">\n<div class=\"wp-block-columns is-layout-flex wp-container-core-columns-is-layout-9d6595d7 wp-block-columns-is-layout-flex\">\n<div class=\"wp-block-column is-vertically-aligned-center is-layout-flow wp-block-column-is-layout-flow\" style=\"flex-basis:100%\">\n<div class=\"wp-block-columns is-layout-flex wp-container-core-columns-is-layout-9d6595d7 wp-block-columns-is-layout-flex\">\n<div class=\"wp-block-column is-layout-flow wp-block-column-is-layout-flow\" style=\"flex-basis:100%\">\n<div class=\"wp-block-media-text alignwide is-stacked-on-mobile\" style=\"grid-template-columns:18% auto\"><figure class=\"wp-block-media-text__media\"><img loading=\"lazy\" decoding=\"async\" width=\"383\" height=\"525\" src=\"https:\/\/www.kindergarten-fahr.de\/wp-content\/uploads\/2025\/01\/CCI_000180.jpg\" alt=\"\" class=\"wp-image-891 size-full\" srcset=\"https:\/\/kindergarten-fahr.de\/wp-content\/uploads\/2025\/01\/CCI_000180.jpg 383w, https:\/\/kindergarten-fahr.de\/wp-content\/uploads\/2025\/01\/CCI_000180-219x300.jpg 219w\" sizes=\"auto, (max-width: 383px) 100vw, 383px\" \/><\/figure><div class=\"wp-block-media-text__content\">\n<p><strong>Stefanie Reisert<\/strong><\/p>\n\n\n\n<p>P\u00e4dagogische Fachkraft<\/p>\n<\/div><\/div>\n\n\n\n<div class=\"wp-block-media-text alignwide is-stacked-on-mobile\" style=\"grid-template-columns:18% auto\"><figure class=\"wp-block-media-text__media\"><img loading=\"lazy\" decoding=\"async\" width=\"682\" height=\"1024\" src=\"https:\/\/www.kindergarten-fahr.de\/wp-content\/uploads\/2025\/01\/DSC_1301-682x1024.jpg\" alt=\"\" class=\"wp-image-894 size-full\" srcset=\"https:\/\/kindergarten-fahr.de\/wp-content\/uploads\/2025\/01\/DSC_1301-682x1024.jpg 682w, https:\/\/kindergarten-fahr.de\/wp-content\/uploads\/2025\/01\/DSC_1301-200x300.jpg 200w, https:\/\/kindergarten-fahr.de\/wp-content\/uploads\/2025\/01\/DSC_1301-768x1153.jpg 768w, https:\/\/kindergarten-fahr.de\/wp-content\/uploads\/2025\/01\/DSC_1301-1024x1536.jpg 1024w, https:\/\/kindergarten-fahr.de\/wp-content\/uploads\/2025\/01\/DSC_1301-1365x2048.jpg 1365w, https:\/\/kindergarten-fahr.de\/wp-content\/uploads\/2025\/01\/DSC_1301-scaled.jpg 1706w\" sizes=\"auto, (max-width: 682px) 100vw, 682px\" \/><\/figure><div class=\"wp-block-media-text__content\">\n<p><strong>Alexandra Baum<\/strong><\/p>\n\n\n\n<p>Kinderpflegerin<\/p>\n\n\n\n<p>Kursleiterin f\u00fcr Kindermassage<\/p>\n\n\n\n<p>Entspannungs- und Klangp\u00e4dagogin<\/p>\n<\/div><\/div>\n<\/div>\n<\/div>\n<\/div>\n<\/div>\n<\/div><\/div>\n\n\n\n<figure class=\"wp-block-gallery has-nested-images columns-default is-cropped wp-block-gallery-1 is-layout-flex wp-block-gallery-is-layout-flex\"><\/figure>\n","protected":false},"excerpt":{"rendered":"<p>Das sind wir&#8230;.. Michaela Sahlm\u00fcller Kindergartenleitung Erzieherin \/ Sozialfachwirtin Alisa Komander Erzieherin Stefanie Reisert P\u00e4dagogische Fachkraft Alexandra Baum Kinderpflegerin Kursleiterin f\u00fcr Kindermassage Entspannungs- und Klangp\u00e4dagogin<\/p>\n","protected":false},"author":1,"featured_media":0,"parent":0,"menu_order":0,"comment_status":"closed","ping_status":"closed","template":"","meta":{"footnotes":""},"class_list":["post-66","page","type-page","status-publish","hentry"],"_links":{"self":[{"href":"https:\/\/kindergarten-fahr.de\/index.php\/wp-json\/wp\/v2\/pages\/66","targetHints":{"allow":["GET"]}}],"collection":[{"href":"https:\/\/kindergarten-fahr.de\/index.php\/wp-json\/wp\/v2\/pages"}],"about":[{"href":"https:\/\/kindergarten-fahr.de\/index.php\/wp-json\/wp\/v2\/types\/page"}],"author":[{"embeddable":true,"href":"https:\/\/kindergarten-fahr.de\/index.php\/wp-json\/wp\/v2\/users\/1"}],"replies":[{"embeddable":true,"href":"https:\/\/kindergarten-fahr.de\/index.php\/wp-json\/wp\/v2\/comments?post=66"}],"version-history":[{"count":26,"href":"https:\/\/kindergarten-fahr.de\/index.php\/wp-json\/wp\/v2\/pages\/66\/revisions"}],"predecessor-version":[{"id":1203,"href":"https:\/\/kindergarten-fahr.de\/index.php\/wp-json\/wp\/v2\/pages\/66\/revisions\/1203"}],"wp:attachment":[{"href":"https:\/\/kindergarten-fahr.de\/index.php\/wp-json\/wp\/v2\/media?parent=66"}],"curies":[{"name":"wp","href":"https:\/\/api.w.org\/{rel}","templated":true}]}}