{"id":42,"date":"2020-03-31T21:00:18","date_gmt":"2020-03-31T19:00:18","guid":{"rendered":"https:\/\/www.ament-it.de\/~kigafahr\/wordpress\/?page_id=42"},"modified":"2026-04-23T12:31:48","modified_gmt":"2026-04-23T10:31:48","slug":"termine","status":"publish","type":"page","link":"https:\/\/kindergarten-fahr.de\/index.php\/termine\/","title":{"rendered":"Termine"},"content":{"rendered":"\n<p><\/p>\n\n\n\n<p>06.05 Begegnungsnachmittag (Gro\u00dfeltern und Senioren )<\/p>\n\n\n\n<figure class=\"wp-block-image size-full\"><img loading=\"lazy\" decoding=\"async\" width=\"512\" height=\"768\" src=\"https:\/\/kindergarten-fahr.de\/wp-content\/uploads\/2026\/03\/Einladung-zum-Begegnungstag-der-Senioren-1.png\" alt=\"\" class=\"wp-image-1211\" srcset=\"https:\/\/kindergarten-fahr.de\/wp-content\/uploads\/2026\/03\/Einladung-zum-Begegnungstag-der-Senioren-1.png 512w, https:\/\/kindergarten-fahr.de\/wp-content\/uploads\/2026\/03\/Einladung-zum-Begegnungstag-der-Senioren-1-200x300.png 200w\" sizes=\"auto, (max-width: 512px) 100vw, 512px\" \/><\/figure>\n\n\n\n<p>21.05 Die Regenbogen- und Sonnenkinder besuchen die Feuerwehr in Volkach<\/p>\n\n\n\n<p>12.06 Die Vorsch\u00fcler besuchen den Aktionstag &#8222;Musik&#8220; der Musikschule Volkach<\/p>\n\n\n\n<p>03.07 Familienolympiade <\/p>\n\n\n\n<p>15.07 Fotograf<\/p>\n\n\n\n<p>20. &#8211; 24. 07    Putzwoche<\/p>\n\n\n\n<p>22.07   Vorschulausflug<\/p>\n\n\n\n<p>24.07    Abschlu\u00dffeier f\u00fcr alle Familien im Anschluss Verabschiedung der Vorsch\u00fcler<\/p>\n\n\n\n<p><\/p>\n\n\n\n<p><\/p>\n\n\n\n<p><\/p>\n\n\n\n<p><\/p>\n\n\n\n<p><\/p>\n","protected":false},"excerpt":{"rendered":"<p>06.05 Begegnungsnachmittag (Gro\u00dfeltern und Senioren ) 21.05 Die Regenbogen- und Sonnenkinder besuchen die Feuerwehr in Volkach 12.06 Die Vorsch\u00fcler besuchen den Aktionstag &#8222;Musik&#8220; der Musikschule Volkach 03.07 Familienolympiade 15.07 Fotograf 20. &#8211; 24. 07 Putzwoche 22.07 Vorschulausflug 24.07 Abschlu\u00dffeier f\u00fcr alle Familien im Anschluss Verabschiedung der Vorsch\u00fcler<\/p>\n","protected":false},"author":2,"featured_media":0,"parent":0,"menu_order":0,"comment_status":"closed","ping_status":"closed","template":"","meta":{"footnotes":""},"class_list":["post-42","page","type-page","status-publish","hentry"],"_links":{"self":[{"href":"https:\/\/kindergarten-fahr.de\/index.php\/wp-json\/wp\/v2\/pages\/42","targetHints":{"allow":["GET"]}}],"collection":[{"href":"https:\/\/kindergarten-fahr.de\/index.php\/wp-json\/wp\/v2\/pages"}],"about":[{"href":"https:\/\/kindergarten-fahr.de\/index.php\/wp-json\/wp\/v2\/types\/page"}],"author":[{"embeddable":true,"href":"https:\/\/kindergarten-fahr.de\/index.php\/wp-json\/wp\/v2\/users\/2"}],"replies":[{"embeddable":true,"href":"https:\/\/kindergarten-fahr.de\/index.php\/wp-json\/wp\/v2\/comments?post=42"}],"version-history":[{"count":99,"href":"https:\/\/kindergarten-fahr.de\/index.php\/wp-json\/wp\/v2\/pages\/42\/revisions"}],"predecessor-version":[{"id":1242,"href":"https:\/\/kindergarten-fahr.de\/index.php\/wp-json\/wp\/v2\/pages\/42\/revisions\/1242"}],"wp:attachment":[{"href":"https:\/\/kindergarten-fahr.de\/index.php\/wp-json\/wp\/v2\/media?parent=42"}],"curies":[{"name":"wp","href":"https:\/\/api.w.org\/{rel}","templated":true}]}}