{"id":263,"date":"2021-05-07T18:32:29","date_gmt":"2021-05-07T16:32:29","guid":{"rendered":"https:\/\/www.kindergarten-fahr.de\/?page_id=263"},"modified":"2021-05-10T17:26:34","modified_gmt":"2021-05-10T15:26:34","slug":"anmeldung","status":"publish","type":"page","link":"https:\/\/kindergarten-fahr.de\/index.php\/anmeldung\/","title":{"rendered":"Anmeldung"},"content":{"rendered":"\n<p>Wir freuen uns, dass Sie Interesse an unserer Einrichtung haben und Ihr Kind bei uns anmelden m\u00f6chten!<\/p>\n\n\n\n<p>Bitte benutzen Sie hierf\u00fcr unser neues Onlineverfahren.  <a rel=\"noreferrer noopener\" href=\"https:\/\/www.buergerserviceportal.de\/bayern\/vgvolkach\/bsp_kita_anmeldung\" target=\"_blank\">\u201eKitaplatz-Bedarfsanmeldung\u201c<\/a>&nbsp;<\/p>\n\n\n\n<p>Sie f\u00fcllen nur eine Anmeldung aus, favorisieren die gew\u00fcnschten Einrichtungen und erhalten eine Eingangsbest\u00e4tigung sowie garantiert zum Zuteilungsstichtag eine Antwort in Ihrem Postkorb. <\/p>\n\n\n\n<p>Der elektronische Service im <strong>B\u00fcrgerservice-Portal der Stadt Volkach <\/strong>steht Ihnen 24 Stunden zur Verf\u00fcgung.<\/p>\n","protected":false},"excerpt":{"rendered":"<p>Wir freuen uns, dass Sie Interesse an unserer Einrichtung haben und Ihr Kind bei uns anmelden m\u00f6chten! Bitte benutzen Sie hierf\u00fcr unser neues Onlineverfahren. \u201eKitaplatz-Bedarfsanmeldung\u201c&nbsp; Sie f\u00fcllen nur eine Anmeldung aus, favorisieren die gew\u00fcnschten Einrichtungen und erhalten eine Eingangsbest\u00e4tigung sowie garantiert zum Zuteilungsstichtag eine Antwort in Ihrem Postkorb. Der elektronische [&hellip;]<\/p>\n","protected":false},"author":1,"featured_media":0,"parent":0,"menu_order":0,"comment_status":"closed","ping_status":"closed","template":"","meta":{"footnotes":""},"class_list":["post-263","page","type-page","status-publish","hentry"],"_links":{"self":[{"href":"https:\/\/kindergarten-fahr.de\/index.php\/wp-json\/wp\/v2\/pages\/263","targetHints":{"allow":["GET"]}}],"collection":[{"href":"https:\/\/kindergarten-fahr.de\/index.php\/wp-json\/wp\/v2\/pages"}],"about":[{"href":"https:\/\/kindergarten-fahr.de\/index.php\/wp-json\/wp\/v2\/types\/page"}],"author":[{"embeddable":true,"href":"https:\/\/kindergarten-fahr.de\/index.php\/wp-json\/wp\/v2\/users\/1"}],"replies":[{"embeddable":true,"href":"https:\/\/kindergarten-fahr.de\/index.php\/wp-json\/wp\/v2\/comments?post=263"}],"version-history":[{"count":4,"href":"https:\/\/kindergarten-fahr.de\/index.php\/wp-json\/wp\/v2\/pages\/263\/revisions"}],"predecessor-version":[{"id":291,"href":"https:\/\/kindergarten-fahr.de\/index.php\/wp-json\/wp\/v2\/pages\/263\/revisions\/291"}],"wp:attachment":[{"href":"https:\/\/kindergarten-fahr.de\/index.php\/wp-json\/wp\/v2\/media?parent=263"}],"curies":[{"name":"wp","href":"https:\/\/api.w.org\/{rel}","templated":true}]}}